{"id":6,"date":"2026-02-19T13:42:26","date_gmt":"2026-02-19T12:42:26","guid":{"rendered":"https:\/\/modularis.mhwebdesign.cz\/?page_id=6"},"modified":"2026-02-19T19:43:36","modified_gmt":"2026-02-19T18:43:36","slug":"weddingweb-author-single","status":"publish","type":"page","link":"https:\/\/modularis.mhwebdesign.cz\/?page_id=6","title":{"rendered":"WeddingWeb Author Single"},"content":{"rendered":"\n<?php\n\/**\n * Title: WeddingWeb 26 - Author Single\n * Slug: modularis\/profile-wedding-pro-practical-safe\n * Categories: modularis\n * Viewport Width: 1200\n *\/\n?>\n\n\n<div class=\"wp-block-group c-section c-profile\"><div class=\"wp-block-group__inner-container is-layout-constrained wp-block-group-is-layout-constrained\">\n\n\t\n\t<div class=\"wp-block-group l-container l-stack\"><div class=\"wp-block-group__inner-container is-layout-constrained wp-block-group-is-layout-constrained\">\n\n\t\t<!-- HEADER -->\n\n<div class=\"wp-block-group c-card c-profile__header\"><div class=\"wp-block-group__inner-container is-layout-constrained wp-block-group-is-layout-constrained\">\n\n\t<!-- HERO PHOTO (big, premium, sets the mood) -->\n\t\n\t<figure class=\"wp-block-image size-full c-profile__hero\">\n\t\t<img decoding=\"async\" src=\"https:\/\/picsum.photos\/1600\/900?random=77\" alt=\"Wedding highlight \u2014 editorial portrait session\"\/>\n\t<\/figure>\n\t\n\n\t<!-- CONTENT WRAP -->\n\t\n\t<div class=\"wp-block-group c-profile__top is-content-justification-space-between is-layout-flex wp-container-core-group-is-layout-d7fb8128 wp-block-group-is-layout-flex\">\n\n\t\t<!-- LEFT -->\n\t\t\n\t\t<div class=\"wp-block-group c-profile__identity\"><div class=\"wp-block-group__inner-container is-layout-constrained wp-block-group-is-layout-constrained\">\n\n\t\t\t<!-- ID STRIP (avatar + head) -->\n\t\t\t\n\t\t\t<div class=\"wp-block-group c-profile__idstrip is-nowrap is-layout-flex wp-container-core-group-is-layout-64989fb1 wp-block-group-is-layout-flex\">\n\n\t\t\t\t\n\t\t\t\t<figure class=\"wp-block-image size-large c-profile__avatar\">\n\t\t\t\t\t<img decoding=\"async\" src=\"https:\/\/picsum.photos\/240\/240?random=12\" alt=\"Studio portrait\"\/>\n\t\t\t\t<\/figure>\n\t\t\t\t\n\n\t\t\t\t\n\t\t\t\t<div class=\"wp-block-group c-profile__head\"><div class=\"wp-block-group__inner-container is-layout-constrained wp-block-group-is-layout-constrained\">\n\n\t\t\t\t\t<!-- TAXONOMY-LIKE LABELS (service type + area) -->\n\t\t\t\t\t\n\t\t\t\t\t<p class=\"c-profile__eyebrow u-muted\">\n\t\t\t\t\t\t<span class=\"c-chip c-chip--soft\">Wedding Photographer<\/span>\n\t\t\t\t\t\t<span class=\"c-chip c-chip--soft\">Prague &amp; Central Bohemia<\/span>\n\t\t\t\t\t\t<span class=\"c-chip c-chip--soft\">Available EU-wide<\/span>\n\t\t\t\t\t<\/p>\n\t\t\t\t\t\n\n\t\t\t\t\t\n\t\t\t\t\t<h1 class=\"c-profile__name wp-block-heading\">Aurora Wedding Studio<\/h1>\n\t\t\t\t\t\n\n\t\t\t\t\t\n\t\t\t\t\t<p class=\"c-profile__tagline u-muted\">Elegant, documentary storytelling \u2014 from first look to the last dance. Based in Prague, trusted for calm direction, timeless edits, and a fast sneak peek.<\/p>\n\t\t\t\t\t\n\n\t\t\t\t\t<!-- QUICK CHIPS (good for taxonomy\/filters later) -->\n\t\t\t\t\t\n\t\t\t\t\t<div class=\"c-profile__chips\">\n\t\t\t\t\t\t<span class=\"c-chip\">\ud83d\udccd Prague (CZ)<\/span>\n\t\t\t\t\t\t<span class=\"c-chip\">\ud83d\uddfa Travels: CZ \/ AT \/ DE<\/span>\n\t\t\t\t\t\t<span class=\"c-chip\">\ud83c\udf9e Style: Editorial + Documentary<\/span>\n\t\t\t\t\t\t<span class=\"c-chip\">\ud83d\udde3 EN \/ CZ<\/span>\n\t\t\t\t\t\t<span class=\"c-chip\">\u23f1 48h sneak peek<\/span>\n\t\t\t\t\t\t<span class=\"c-chip\">\u2705 Contract + insurance<\/span>\n\t\t\t\t\t<\/div>\n\t\t\t\t\t\n\n\t\t\t\t\t<!-- STATS (more \u201cpremium dashboard\u201d feel) -->\n\t\t\t\t\t\n\t\t\t\t\t<div class=\"c-profile__stats\" role=\"list\">\n\t\t\t\t\t\t<div class=\"c-stat\" role=\"listitem\">\n\t\t\t\t\t\t\t<div class=\"c-stat__value\">4.9<\/div>\n\t\t\t\t\t\t\t<div class=\"c-stat__label u-muted\">Average rating<\/div>\n\t\t\t\t\t\t<\/div>\n\t\t\t\t\t\t<div class=\"c-stat\" role=\"listitem\">\n\t\t\t\t\t\t\t<div class=\"c-stat__value\">120+<\/div>\n\t\t\t\t\t\t\t<div class=\"c-stat__label u-muted\">Weddings captured<\/div>\n\t\t\t\t\t\t<\/div>\n\t\t\t\t\t\t<div class=\"c-stat\" role=\"listitem\">\n\t\t\t\t\t\t\t<div class=\"c-stat__value\">From \u20ac990<\/div>\n\t\t\t\t\t\t\t<div class=\"c-stat__label u-muted\">Starting price<\/div>\n\t\t\t\t\t\t<\/div>\n\t\t\t\t\t\t<div class=\"c-stat\" role=\"listitem\">\n\t\t\t\t\t\t\t<div class=\"c-stat__value\">2h<\/div>\n\t\t\t\t\t\t\t<div class=\"c-stat__label u-muted\">Typical response<\/div>\n\t\t\t\t\t\t<\/div>\n\t\t\t\t\t<\/div>\n\t\t\t\t\t\n\n\t\t\t\t\t<!-- PRIMARY ACTIONS -->\n\t\t\t\t\t\n\t\t\t\t\t<div class=\"wp-block-buttons c-profile__actions is-layout-flex wp-block-buttons-is-layout-flex\">\n\t\t\t\t\t\t\n\t\t\t\t\t\t<div class=\"wp-block-button c-button c-button--primary c-button--lg\">\n\t\t\t\t\t\t\t<a class=\"wp-block-button__link wp-element-button\" href=\"#contact\">Request a quote<\/a>\n\t\t\t\t\t\t<\/div>\n\t\t\t\t\t\t\n\n\t\t\t\t\t\t\n\t\t\t\t\t\t<div class=\"wp-block-button c-button c-button--outline c-button--lg\">\n\t\t\t\t\t\t\t<a class=\"wp-block-button__link wp-element-button\" href=\"#portfolio\">View portfolio<\/a>\n\t\t\t\t\t\t<\/div>\n\t\t\t\t\t\t\n\n\t\t\t\t\t\t\n\t\t\t\t\t\t<div class=\"wp-block-button c-button c-button--ghost c-button--lg\">\n\t\t\t\t\t\t\t<a class=\"wp-block-button__link wp-element-button\" href=\"#availability\">Check dates<\/a>\n\t\t\t\t\t\t<\/div>\n\t\t\t\t\t\t\n\t\t\t\t\t<\/div>\n\t\t\t\t\t\n\n\t\t\t\t<\/div><\/div>\n\t\t\t\t\n\n\t\t\t<\/div>\n\t\t\t\n\n\t\t\t<!-- TRUST STRIP (tiny premium touches; keeps left column \u201ccomplete\u201d) -->\n\t\t\t\n\t\t\t<div class=\"c-profile__trust\">\n\t\t\t\t<div class=\"c-trust\">\n\t\t\t\t\t<span class=\"c-trust__icon\" aria-hidden=\"true\">\u2728<\/span>\n\t\t\t\t\t<span class=\"c-trust__text\"><strong>Calm guidance<\/strong> \u2014 natural posing, zero awkwardness<\/span>\n\t\t\t\t<\/div>\n\t\t\t\t<div class=\"c-trust\">\n\t\t\t\t\t<span class=\"c-trust__icon\" aria-hidden=\"true\">\ud83d\uddbc\ufe0f<\/span>\n\t\t\t\t\t<span class=\"c-trust__text\"><strong>Consistent edits<\/strong> \u2014 timeless color + skin tones<\/span>\n\t\t\t\t<\/div>\n\t\t\t\t<div class=\"c-trust\">\n\t\t\t\t\t<span class=\"c-trust__icon\" aria-hidden=\"true\">\ud83d\udd12<\/span>\n\t\t\t\t\t<span class=\"c-trust__text\"><strong>Safe process<\/strong> \u2014 contract, backups, insured gear<\/span>\n\t\t\t\t<\/div>\n\t\t\t<\/div>\n\t\t\t\n\n\t\t<\/div><\/div>\n\t\t\n\n\t\t<!-- RIGHT -->\n\t\t\n\t\t<div class=\"wp-block-group c-profile__contact c-card\"><div class=\"wp-block-group__inner-container is-layout-constrained wp-block-group-is-layout-constrained\">\n\n\t\t\t<!-- CONTACT -->\n\t\t\t\n\t\t\t<div class=\"wp-block-group c-profile__contact-head\"><div class=\"wp-block-group__inner-container is-layout-constrained wp-block-group-is-layout-constrained\">\n\n\t\t\t\t\n\t\t\t\t<h3 class=\"wp-block-heading\">Contact<\/h3>\n\t\t\t\t\n\n\t\t\t\t\n\t\t\t\t<p class=\"u-muted\">Fast reply, clear pricing, no pressure. Tell us your date + location.<\/p>\n\t\t\t\t\n\n\t\t\t<\/div><\/div>\n\t\t\t\n\n\t\t\t\n\t\t\t<div class=\"c-kv\">\n\t\t\t\t<div class=\"c-kv__row\"><span class=\"c-kv__k u-muted\">Email<\/span><span class=\"c-kv__v\"><a href=\"mailto:hello@aurorastudio.com\">hello@aurorastudio.com<\/a><\/span><\/div>\n\t\t\t\t<div class=\"c-kv__row\"><span class=\"c-kv__k u-muted\">Phone<\/span><span class=\"c-kv__v\"><a href=\"tel:+420777000000\">+420 777 000 000<\/a><\/span><\/div>\n\t\t\t\t<div class=\"c-kv__row\"><span class=\"c-kv__k u-muted\">Website<\/span><span class=\"c-kv__v\"><a href=\"#\">auroraweddingstudio.com<\/a><\/span><\/div>\n\t\t\t<\/div>\n\t\t\t\n\n\t\t\t<!-- QUICK CONTACT CTA (above details = higher conversion) -->\n\t\t\t\n\t\t\t<div class=\"wp-block-buttons c-profile__contact-cta is-layout-flex wp-block-buttons-is-layout-flex\">\n\t\t\t\t\n\t\t\t\t<div class=\"wp-block-button c-button c-button--secondary c-button--lg\">\n\t\t\t\t\t<a class=\"wp-block-button__link wp-element-button\" href=\"#contact\">Book a call<\/a>\n\t\t\t\t<\/div>\n\t\t\t\t\n\n\t\t\t\t\n\t\t\t\t<div class=\"wp-block-button c-button c-button--ghost c-button--lg\">\n\t\t\t\t\t<a class=\"wp-block-button__link wp-element-button\" href=\"#pricing\">See pricing<\/a>\n\t\t\t\t<\/div>\n\t\t\t\t\n\t\t\t<\/div>\n\t\t\t\n\n\t\t\t<!-- LISTING DETAILS -->\n\t\t\t\n\t\t\t<h3 class=\"wp-block-heading\">Listing details<\/h3>\n\t\t\t\n\n\t\t\t\n\t\t\t<div class=\"c-kv\">\n\t\t\t\t<div class=\"c-kv__row\"><span class=\"c-kv__k u-muted\">Service category<\/span><span class=\"c-kv__v\">Wedding Photographer<\/span><\/div>\n\t\t\t\t<div class=\"c-kv__row\"><span class=\"c-kv__k u-muted\">Specialization<\/span><span class=\"c-kv__v\">Full-day coverage, engagement, same-day content<\/span><\/div>\n\t\t\t\t<div class=\"c-kv__row\"><span class=\"c-kv__k u-muted\">Region \/ area<\/span><span class=\"c-kv__v\">Prague \u2022 Central Bohemia<\/span><\/div>\n\t\t\t\t<div class=\"c-kv__row\"><span class=\"c-kv__k u-muted\">Travel radius<\/span><span class=\"c-kv__v\">Up to 250 km (EU on request)<\/span><\/div>\n\t\t\t\t<div class=\"c-kv__row\"><span class=\"c-kv__k u-muted\">Languages<\/span><span class=\"c-kv__v\">Czech, English<\/span><\/div>\n\t\t\t\t<div class=\"c-kv__row\"><span class=\"c-kv__k u-muted\">Response time<\/span><span class=\"c-kv__v\">Typically within 2 hours<\/span><\/div>\n\t\t\t\t<div class=\"c-kv__row\"><span class=\"c-kv__k u-muted\">Availability<\/span><span class=\"c-kv__v\">2026: limited weekends<\/span><\/div>\n\t\t\t<\/div>\n\t\t\t\n\n\t\t\t<!-- SOCIAL -->\n\t\t\t\n\t\t\t<ul class=\"wp-block-social-links c-profile__social is-layout-flex wp-block-social-links-is-layout-flex\">\n\t\t\t\t<li class=\"wp-social-link wp-social-link-instagram  wp-block-social-link\"><a rel=\"noopener nofollow\" target=\"_blank\" href=\"#\" class=\"wp-block-social-link-anchor\"><svg width=\"24\" height=\"24\" viewBox=\"0 0 24 24\" version=\"1.1\" xmlns=\"http:\/\/www.w3.org\/2000\/svg\" aria-hidden=\"true\" focusable=\"false\"><path d=\"M12,4.622c2.403,0,2.688,0.009,3.637,0.052c0.877,0.04,1.354,0.187,1.671,0.31c0.42,0.163,0.72,0.358,1.035,0.673 c0.315,0.315,0.51,0.615,0.673,1.035c0.123,0.317,0.27,0.794,0.31,1.671c0.043,0.949,0.052,1.234,0.052,3.637 s-0.009,2.688-0.052,3.637c-0.04,0.877-0.187,1.354-0.31,1.671c-0.163,0.42-0.358,0.72-0.673,1.035 c-0.315,0.315-0.615,0.51-1.035,0.673c-0.317,0.123-0.794,0.27-1.671,0.31c-0.949,0.043-1.233,0.052-3.637,0.052 s-2.688-0.009-3.637-0.052c-0.877-0.04-1.354-0.187-1.671-0.31c-0.42-0.163-0.72-0.358-1.035-0.673 c-0.315-0.315-0.51-0.615-0.673-1.035c-0.123-0.317-0.27-0.794-0.31-1.671C4.631,14.688,4.622,14.403,4.622,12 s0.009-2.688,0.052-3.637c0.04-0.877,0.187-1.354,0.31-1.671c0.163-0.42,0.358-0.72,0.673-1.035 c0.315-0.315,0.615-0.51,1.035-0.673c0.317-0.123,0.794-0.27,1.671-0.31C9.312,4.631,9.597,4.622,12,4.622 M12,3 C9.556,3,9.249,3.01,8.289,3.054C7.331,3.098,6.677,3.25,6.105,3.472C5.513,3.702,5.011,4.01,4.511,4.511 c-0.5,0.5-0.808,1.002-1.038,1.594C3.25,6.677,3.098,7.331,3.054,8.289C3.01,9.249,3,9.556,3,12c0,2.444,0.01,2.751,0.054,3.711 c0.044,0.958,0.196,1.612,0.418,2.185c0.23,0.592,0.538,1.094,1.038,1.594c0.5,0.5,1.002,0.808,1.594,1.038 c0.572,0.222,1.227,0.375,2.185,0.418C9.249,20.99,9.556,21,12,21s2.751-0.01,3.711-0.054c0.958-0.044,1.612-0.196,2.185-0.418 c0.592-0.23,1.094-0.538,1.594-1.038c0.5-0.5,0.808-1.002,1.038-1.594c0.222-0.572,0.375-1.227,0.418-2.185 C20.99,14.751,21,14.444,21,12s-0.01-2.751-0.054-3.711c-0.044-0.958-0.196-1.612-0.418-2.185c-0.23-0.592-0.538-1.094-1.038-1.594 c-0.5-0.5-1.002-0.808-1.594-1.038c-0.572-0.222-1.227-0.375-2.185-0.418C14.751,3.01,14.444,3,12,3L12,3z M12,7.378 c-2.552,0-4.622,2.069-4.622,4.622S9.448,16.622,12,16.622s4.622-2.069,4.622-4.622S14.552,7.378,12,7.378z M12,15 c-1.657,0-3-1.343-3-3s1.343-3,3-3s3,1.343,3,3S13.657,15,12,15z M16.804,6.116c-0.596,0-1.08,0.484-1.08,1.08 s0.484,1.08,1.08,1.08c0.596,0,1.08-0.484,1.08-1.08S17.401,6.116,16.804,6.116z\"><\/path><\/svg><span class=\"wp-block-social-link-label screen-reader-text\">Instagram<\/span><\/a><\/li>\n\t\t\t\t<li class=\"wp-social-link wp-social-link-facebook  wp-block-social-link\"><a rel=\"noopener nofollow\" target=\"_blank\" href=\"#\" class=\"wp-block-social-link-anchor\"><svg width=\"24\" height=\"24\" viewBox=\"0 0 24 24\" version=\"1.1\" xmlns=\"http:\/\/www.w3.org\/2000\/svg\" aria-hidden=\"true\" focusable=\"false\"><path d=\"M12 2C6.5 2 2 6.5 2 12c0 5 3.7 9.1 8.4 9.9v-7H7.9V12h2.5V9.8c0-2.5 1.5-3.9 3.8-3.9 1.1 0 2.2.2 2.2.2v2.5h-1.3c-1.2 0-1.6.8-1.6 1.6V12h2.8l-.4 2.9h-2.3v7C18.3 21.1 22 17 22 12c0-5.5-4.5-10-10-10z\"><\/path><\/svg><span class=\"wp-block-social-link-label screen-reader-text\">Facebook<\/span><\/a><\/li>\n\t\t\t\t<li class=\"wp-social-link wp-social-link-youtube  wp-block-social-link\"><a rel=\"noopener nofollow\" target=\"_blank\" href=\"#\" class=\"wp-block-social-link-anchor\"><svg width=\"24\" height=\"24\" viewBox=\"0 0 24 24\" version=\"1.1\" xmlns=\"http:\/\/www.w3.org\/2000\/svg\" aria-hidden=\"true\" focusable=\"false\"><path d=\"M21.8,8.001c0,0-0.195-1.378-0.795-1.985c-0.76-0.797-1.613-0.801-2.004-0.847c-2.799-0.202-6.997-0.202-6.997-0.202 h-0.009c0,0-4.198,0-6.997,0.202C4.608,5.216,3.756,5.22,2.995,6.016C2.395,6.623,2.2,8.001,2.2,8.001S2,9.62,2,11.238v1.517 c0,1.618,0.2,3.237,0.2,3.237s0.195,1.378,0.795,1.985c0.761,0.797,1.76,0.771,2.205,0.855c1.6,0.153,6.8,0.201,6.8,0.201 s4.203-0.006,7.001-0.209c0.391-0.047,1.243-0.051,2.004-0.847c0.6-0.607,0.795-1.985,0.795-1.985s0.2-1.618,0.2-3.237v-1.517 C22,9.62,21.8,8.001,21.8,8.001z M9.935,14.594l-0.001-5.62l5.404,2.82L9.935,14.594z\"><\/path><\/svg><span class=\"wp-block-social-link-label screen-reader-text\">YouTube<\/span><\/a><\/li>\n\t\t\t\t<li class=\"wp-social-link wp-social-link-tiktok  wp-block-social-link\"><a rel=\"noopener nofollow\" target=\"_blank\" href=\"#\" class=\"wp-block-social-link-anchor\"><svg width=\"24\" height=\"24\" viewBox=\"0 0 32 32\" version=\"1.1\" xmlns=\"http:\/\/www.w3.org\/2000\/svg\" aria-hidden=\"true\" focusable=\"false\"><path d=\"M16.708 0.027c1.745-0.027 3.48-0.011 5.213-0.027 0.105 2.041 0.839 4.12 2.333 5.563 1.491 1.479 3.6 2.156 5.652 2.385v5.369c-1.923-0.063-3.855-0.463-5.6-1.291-0.76-0.344-1.468-0.787-2.161-1.24-0.009 3.896 0.016 7.787-0.025 11.667-0.104 1.864-0.719 3.719-1.803 5.255-1.744 2.557-4.771 4.224-7.88 4.276-1.907 0.109-3.812-0.411-5.437-1.369-2.693-1.588-4.588-4.495-4.864-7.615-0.032-0.667-0.043-1.333-0.016-1.984 0.24-2.537 1.495-4.964 3.443-6.615 2.208-1.923 5.301-2.839 8.197-2.297 0.027 1.975-0.052 3.948-0.052 5.923-1.323-0.428-2.869-0.308-4.025 0.495-0.844 0.547-1.485 1.385-1.819 2.333-0.276 0.676-0.197 1.427-0.181 2.145 0.317 2.188 2.421 4.027 4.667 3.828 1.489-0.016 2.916-0.88 3.692-2.145 0.251-0.443 0.532-0.896 0.547-1.417 0.131-2.385 0.079-4.76 0.095-7.145 0.011-5.375-0.016-10.735 0.025-16.093z\" \/><\/svg><span class=\"wp-block-social-link-label screen-reader-text\">TikTok<\/span><\/a><\/li>\n\t\t\t<\/ul>\n\t\t\t\n\n\t\t<\/div><\/div>\n\t\t\n\n\t<\/div>\n\t\n\n<\/div><\/div>\n\n\n\n        <!-- ABOUT -->\n\t\t\n\t\t<div class=\"wp-block-group c-card l-stack\"><div class=\"wp-block-group__inner-container is-layout-constrained wp-block-group-is-layout-constrained\">\n\n\t\t\t\n\t\t\t<h2 class=\"wp-block-heading\">About<\/h2>\n\t\t\t\n\n\t\t\t\n\t\t\t<p class=\"u-muted\">We\u2019re a two-person team combining timeless photography with modern short-form delivery (Reels\/TikTok). You\u2019ll get a calm, guided experience \u2014 and images that look as good on a wall as they do on your phone.<\/p>\n\t\t\t\n\n\t\t\t\n\t\t\t<div class=\"c-bullets\">\n\t\t\t\t<p class=\"c-bullets__item\">Planning call + timeline review<\/p>\n\t\t\t\t<p class=\"c-bullets__item\">Natural posing guidance (no awkwardness)<\/p>\n\t\t\t\t<p class=\"c-bullets__item\">Private online gallery + easy sharing<\/p>\n\t\t\t\t<p class=\"c-bullets__item\">Optional film + drone + same-day content<\/p>\n\t\t\t<\/div>\n\t\t\t\n\n\t\t\t<!-- \u201cFILTERS\u201d STYLE SECTION (taxonomy-ready) -->\n\t\t\t\n\t\t\t<h3 class=\"wp-block-heading\">Styles &amp; preferences<\/h3>\n\t\t\t\n\n\t\t\t\n\t\t\t<div class=\"c-profile__badges\">\n\t\t\t\t<span class=\"c-badge\">Editorial<\/span>\n\t\t\t\t<span class=\"c-badge\">Documentary<\/span>\n\t\t\t\t<span class=\"c-badge\">Natural light<\/span>\n\t\t\t\t<span class=\"c-badge\">Guided posing<\/span>\n\t\t\t\t<span class=\"c-badge\">Elopements<\/span>\n\t\t\t\t<span class=\"c-badge\">Destination weddings<\/span>\n\t\t\t<\/div>\n\t\t\t\n\n\t\t<\/div><\/div>\n\t\t\n\n        <!-- Services -->\n          \n          <div class=\"wp-block-group c-card l-stack\"><div class=\"wp-block-group__inner-container is-layout-constrained wp-block-group-is-layout-constrained\">\n            \n            <h2 class=\"wp-block-heading\">Slu\u017eby<\/h2>\n            \n\n            \n            <div class=\"wp-block-group l-grid-3\"><div class=\"wp-block-group__inner-container is-layout-constrained wp-block-group-is-layout-constrained\">\n              \n              <div class=\"wp-block-group c-card l-stack\"><div class=\"wp-block-group__inner-container is-layout-constrained wp-block-group-is-layout-constrained\">\n                \n                <h3 class=\"c-svc__title wp-block-heading\">Svatebn\u00ed report\u00e1\u017e<\/h3>\n                \n                \n                <p class=\"u-muted\">Cel\u00fd den nebo \u010d\u00e1st dne. Od p\u0159\u00edprav po ve\u010dern\u00ed party.<\/p>\n                \n                \n                <div class=\"wp-block-group c-svc__meta is-layout-flex wp-block-group-is-layout-flex\">\n                  <span class=\"c-chip\" data-tax=\"zamereni\" data-term=\"svatebni-reportaz\">report\u00e1\u017e<\/span>\n                  <span class=\"c-chip c-chip--soft\" data-meta=\"duration\">8\u201312 h<\/span>\n                <\/div>\n                \n              <\/div><\/div>\n              \n\n              \n              <div class=\"wp-block-group c-card l-stack\"><div class=\"wp-block-group__inner-container is-layout-constrained wp-block-group-is-layout-constrained\">\n                \n                <h3 class=\"c-svc__title wp-block-heading\">P\u00e1rov\u00e9 focen\u00ed<\/h3>\n                \n                \n                <p class=\"u-muted\">Z\u00e1snubn\u00ed\/after-wedding focen\u00ed, ide\u00e1ln\u00ed na zkou\u0161ku spolupr\u00e1ce.<\/p>\n                \n                \n                <div class=\"wp-block-group c-svc__meta is-layout-flex wp-block-group-is-layout-flex\">\n                  <span class=\"c-chip\" data-tax=\"zamereni\" data-term=\"parove-foceni\">p\u00e1rov\u00e9<\/span>\n                  <span class=\"c-chip c-chip--soft\" data-meta=\"duration\">60\u201390 min<\/span>\n                <\/div>\n                \n              <\/div><\/div>\n              \n\n              \n              <div class=\"wp-block-group c-card l-stack\"><div class=\"wp-block-group__inner-container is-layout-constrained wp-block-group-is-layout-constrained\">\n                \n                <h3 class=\"c-svc__title wp-block-heading\">Druh\u00fd fotograf<\/h3>\n                \n                \n                <p class=\"u-muted\">V\u00edce moment\u016f, dva \u00fahly, lep\u0161\u00ed pokryt\u00ed host\u016f i detail\u016f.<\/p>\n                \n                \n                <div class=\"wp-block-group c-svc__meta is-layout-flex wp-block-group-is-layout-flex\">\n                  <span class=\"c-chip\" data-tax=\"doplnky\" data-term=\"druhy-fotograf\">dopln\u011bk<\/span>\n                  <span class=\"c-chip c-chip--soft\" data-meta=\"availability\">na dotaz<\/span>\n                <\/div>\n                \n              <\/div><\/div>\n              \n            <\/div><\/div>\n            \n          <\/div><\/div>\n          \n\n          <!-- Full Gallery -->\n          \n          <div class=\"wp-block-group c-card l-stack\"><div class=\"wp-block-group__inner-container is-layout-constrained wp-block-group-is-layout-constrained\">\n            \n            <h2 class=\"wp-block-heading\" id=\"galerie\">Galerie<\/h2>\n            \n            \n            <figure class=\"wp-block-gallery has-nested-images columns-3 is-cropped c-gallery wp-block-gallery-1 is-layout-flex wp-block-gallery-is-layout-flex\">\n              <figure class=\"wp-block-image size-large\"><img decoding=\"async\" src=\"https:\/\/via.placeholder.com\/1200x800\" alt=\"\"><\/figure>\n              <figure class=\"wp-block-image size-large\"><img decoding=\"async\" src=\"https:\/\/via.placeholder.com\/1200x800\" alt=\"\"><\/figure>\n              <figure class=\"wp-block-image size-large\"><img decoding=\"async\" src=\"https:\/\/via.placeholder.com\/1200x800\" alt=\"\"><\/figure>\n              <figure class=\"wp-block-image size-large\"><img decoding=\"async\" src=\"https:\/\/via.placeholder.com\/1200x800\" alt=\"\"><\/figure>\n              <figure class=\"wp-block-image size-large\"><img decoding=\"async\" src=\"https:\/\/via.placeholder.com\/1200x800\" alt=\"\"><\/figure>\n              <figure class=\"wp-block-image size-large\"><img decoding=\"async\" src=\"https:\/\/via.placeholder.com\/1200x800\" alt=\"\"><\/figure>\n            <\/figure>\n            \n          <\/div><\/div>\n          \n\n          <!-- FAQ -->\n          \n          <div class=\"wp-block-group c-card l-stack\"><div class=\"wp-block-group__inner-container is-layout-constrained wp-block-group-is-layout-constrained\">\n            \n            <h2 class=\"wp-block-heading\">FAQ<\/h2>\n            \n\n            \n            <details class=\"c-acc\">\n              <summary class=\"c-acc__sum\">Jak prob\u00edh\u00e1 rezervace term\u00ednu?<\/summary>\n              <div class=\"c-acc__body\">Po\u0161lete datum + m\u00edsto. Potvrd\u00edme dostupnost, po\u0161lu smlouvu a z\u00e1lohovou fakturu.<\/div>\n            <\/details>\n            <details class=\"c-acc\">\n              <summary class=\"c-acc__sum\">Co kdy\u017e bude pr\u0161et?<\/summary>\n              <div class=\"c-acc__body\">M\u00e1m pl\u00e1n B: kryt\u00e1 m\u00edsta, pr\u016fhledn\u00e9 de\u0161tn\u00edky, alternativn\u00ed lokaci a flexibiln\u00ed timing.<\/div>\n            <\/details>\n            \n          <\/div><\/div>\n          \n\n          <!-- Latest posts -->\n          \n          <div class=\"wp-block-group c-card\"><div class=\"wp-block-group__inner-container is-layout-constrained wp-block-group-is-layout-constrained\">\n            \n            <h2 class=\"wp-block-heading\">Nejnov\u011bj\u0161\u00ed \u010dl\u00e1nky<\/h2>\n            \n\n            \n            <div class=\"wp-block-query is-layout-flow wp-block-query-is-layout-flow\">\n              <ul class=\"l-grid-3 c-postgrid wp-block-post-template is-layout-flow wp-block-post-template-is-layout-flow\"><li class=\"wp-block-post post-1 post type-post status-publish format-standard hentry category-nezarazene\">\n              \n              <div class=\"wp-block-group c-postcard\"><div class=\"wp-block-group__inner-container is-layout-constrained wp-block-group-is-layout-constrained\">\n                \n                \n                <div class=\"wp-block-group c-postcard__body\"><div class=\"wp-block-group__inner-container is-layout-constrained wp-block-group-is-layout-constrained\">\n                  <div class=\"c-postcard__meta u-muted wp-block-post-date\"><time datetime=\"2026-02-19T13:40:49+01:00\">19. 2. 2026<\/time><\/div>\n                  <h2 class=\"c-postcard__title wp-block-post-title\"><a href=\"https:\/\/modularis.mhwebdesign.cz\/?p=1\" target=\"_self\" >Ahoj v\u0161ichni!<\/a><\/h2>\n                  <div class=\"c-postcard__excerpt u-muted wp-block-post-excerpt\"><p class=\"wp-block-post-excerpt__excerpt\">V\u00edtejte ve WordPressu. Toto je v\u00e1\u0161 prvn\u00ed p\u0159\u00edsp\u011bvek. M\u016f\u017eete ho upravit, nebo smazat a postupn\u011b pak za\u010d\u00edt s tvorbou vlastn\u00edho webu.<\/p><p class=\"wp-block-post-excerpt__more-text\"><a class=\"wp-block-post-excerpt__more-link\" href=\"https:\/\/modularis.mhwebdesign.cz\/?p=1\">\u010c\u00edst d\u00e1l<\/a><\/p><\/div>\n                <\/div><\/div>\n                \n              <\/div><\/div>\n              \n              <\/li><\/ul>\n            <\/div>\n            \n          <\/div><\/div>\n          \n\n        <\/div><\/div><\/div>\n        \n","protected":false},"excerpt":{"rendered":"","protected":false},"author":1,"featured_media":0,"parent":0,"menu_order":0,"comment_status":"closed","ping_status":"closed","template":"","meta":{"neve_meta_sidebar":"","neve_meta_container":"","neve_meta_enable_content_width":"","neve_meta_content_width":0,"neve_meta_title_alignment":"","neve_meta_author_avatar":"","neve_post_elements_order":"","neve_meta_disable_header":"","neve_meta_disable_footer":"","neve_meta_disable_title":"","footnotes":""},"class_list":["post-6","page","type-page","status-publish","hentry"],"_links":{"self":[{"href":"https:\/\/modularis.mhwebdesign.cz\/index.php?rest_route=\/wp\/v2\/pages\/6","targetHints":{"allow":["GET"]}}],"collection":[{"href":"https:\/\/modularis.mhwebdesign.cz\/index.php?rest_route=\/wp\/v2\/pages"}],"about":[{"href":"https:\/\/modularis.mhwebdesign.cz\/index.php?rest_route=\/wp\/v2\/types\/page"}],"author":[{"embeddable":true,"href":"https:\/\/modularis.mhwebdesign.cz\/index.php?rest_route=\/wp\/v2\/users\/1"}],"replies":[{"embeddable":true,"href":"https:\/\/modularis.mhwebdesign.cz\/index.php?rest_route=%2Fwp%2Fv2%2Fcomments&post=6"}],"version-history":[{"count":12,"href":"https:\/\/modularis.mhwebdesign.cz\/index.php?rest_route=\/wp\/v2\/pages\/6\/revisions"}],"predecessor-version":[{"id":22,"href":"https:\/\/modularis.mhwebdesign.cz\/index.php?rest_route=\/wp\/v2\/pages\/6\/revisions\/22"}],"wp:attachment":[{"href":"https:\/\/modularis.mhwebdesign.cz\/index.php?rest_route=%2Fwp%2Fv2%2Fmedia&parent=6"}],"curies":[{"name":"wp","href":"https:\/\/api.w.org\/{rel}","templated":true}]}}